{"id":293,"date":"2020-08-02T12:13:44","date_gmt":"2020-08-02T15:13:44","guid":{"rendered":"https:\/\/edificadorauniversal.com.ar\/?page_id=293"},"modified":"2020-09-28T15:47:51","modified_gmt":"2020-09-28T18:47:51","slug":"plantas-industriales","status":"publish","type":"page","link":"https:\/\/edificadorauniversal.com.ar\/index.php\/plantas-industriales\/","title":{"rendered":"Plantas Industriales"},"content":{"rendered":"\n<figure class=\"wp-block-gallery columns-3 is-cropped\"><ul class=\"blocks-gallery-grid\"><li class=\"blocks-gallery-item\"><figure><img loading=\"lazy\" width=\"675\" height=\"423\" src=\"https:\/\/edificadorauniversal.com.ar\/wp-content\/uploads\/2020\/08\/acopios.jpg\" alt=\"\" data-id=\"308\" data-full-url=\"https:\/\/edificadorauniversal.com.ar\/wp-content\/uploads\/2020\/08\/acopios.jpg\" data-link=\"https:\/\/edificadorauniversal.com.ar\/index.php\/plantas-industriales\/acopios\/\" class=\"wp-image-308\" srcset=\"https:\/\/edificadorauniversal.com.ar\/wp-content\/uploads\/2020\/08\/acopios.jpg 675w, https:\/\/edificadorauniversal.com.ar\/wp-content\/uploads\/2020\/08\/acopios-300x188.jpg 300w\" sizes=\"(max-width: 675px) 100vw, 675px\" \/><\/figure><\/li><li class=\"blocks-gallery-item\"><figure><img loading=\"lazy\" width=\"890\" height=\"573\" src=\"https:\/\/edificadorauniversal.com.ar\/wp-content\/uploads\/2020\/08\/pag-5-arauco-4j857mps1hd0-5c1kjbi14hv0.jpg\" alt=\"\" data-id=\"310\" data-full-url=\"https:\/\/edificadorauniversal.com.ar\/wp-content\/uploads\/2020\/08\/pag-5-arauco-4j857mps1hd0-5c1kjbi14hv0.jpg\" data-link=\"https:\/\/edificadorauniversal.com.ar\/index.php\/plantas-industriales\/pag-5-arauco-4j857mps1hd0-5c1kjbi14hv0\/\" class=\"wp-image-310\" srcset=\"https:\/\/edificadorauniversal.com.ar\/wp-content\/uploads\/2020\/08\/pag-5-arauco-4j857mps1hd0-5c1kjbi14hv0.jpg 890w, https:\/\/edificadorauniversal.com.ar\/wp-content\/uploads\/2020\/08\/pag-5-arauco-4j857mps1hd0-5c1kjbi14hv0-300x193.jpg 300w, https:\/\/edificadorauniversal.com.ar\/wp-content\/uploads\/2020\/08\/pag-5-arauco-4j857mps1hd0-5c1kjbi14hv0-768x494.jpg 768w\" sizes=\"(max-width: 890px) 100vw, 890px\" \/><\/figure><\/li><li class=\"blocks-gallery-item\"><figure><img loading=\"lazy\" width=\"259\" height=\"194\" src=\"https:\/\/edificadorauniversal.com.ar\/wp-content\/uploads\/2020\/08\/descarga-1.jpg\" alt=\"\" data-id=\"313\" data-full-url=\"https:\/\/edificadorauniversal.com.ar\/wp-content\/uploads\/2020\/08\/descarga-1.jpg\" data-link=\"https:\/\/edificadorauniversal.com.ar\/index.php\/plantas-industriales\/descarga-1\/\" class=\"wp-image-313\"\/><\/figure><\/li><\/ul><\/figure>\n\n\n\n<p><strong>CCI CONSTRUCCIONES SA | OBRA : DEFENSA FRONTAL AMGR | SUPCE BARRANQUERAS CHACO<\/strong><br>Proyecto ejecutivo e Ingenier\u00eda de detalle, Ejecuci\u00f3n de L\u00edneas de 13.2 y 33 kv; Estaciones de bombeo; Subestaci\u00f3n Transformadora; Celdas y Tableros; CCM; Tendido de conductores de MT y BT; Sistema de control, seguridad y se\u00f1alizaci\u00f3n. Alumbrado P\u00fablico.<\/p>\n\n\n\n<p><strong>EDECA S.A. &#8211; UTE | OBRA: REMODELACI\u00d3N AVDA. BVAR ORO\u00d1O &#8211; ROSARIO<\/strong><br>Alumbrado publico, Ejecuci\u00f3n de ca\u00f1eros; Montaje de columnas y luminarias; Puesta a tierra;<br>Montaje de tableros; Tendido de conductores de 1 kv y 13.2 kv, Subestaciones transformadoras; Conexiones y puesta en marcha.<br>Relocalizaci\u00f3n de LAMT de 13,2 y 33 kv y LABT.<br>Puerto elevador y Planta acopiadora de granos<\/p>\n\n\n\n<p><strong>CONTINENTAL S.A. | PUERTO DIAMANTE&nbsp; S.A.<\/strong><br>Instalaci\u00f3n El\u00e9ctrica, electromec\u00e1nica, sistema de automatizaci\u00f3n y procesos para ampliaci\u00f3n de 11.000 Tn. en Puerto Elevador y Planta Acopiadora de Granos de 20.000 Tn.<\/p>\n\n\n\n<p><strong>PLANTA CELULOSA PUERTO PIRAY |&nbsp;PCIA DE MISIONES<\/strong><br>Instalaci\u00f3n e ingenier\u00eda electromec\u00e1nica, provisi\u00f3n de tableros, instalaci\u00f3n de fuerza motriz, iluminaci\u00f3n y baja tensi\u00f3n, en sistema descargador de camiones y transporte de Chip. Ingenier\u00eda, aire acondicionado y ventilaci\u00f3n en talleres, almacenes y mantenimiento.<\/p>\n\n\n\n<p><strong>PAPEL MISIONERO S.A. | PLANTA PUERTO MINERAL- MISIONES<\/strong><br>Ingenier\u00eda e instalaciones el\u00e9ctricas, mec\u00e1nicas y termomec\u00e1nicas, sistema de presurizaci\u00f3n y control inteligente en \u00e1reas, Calderas &#8211; Turbinas y recautificaci\u00f3n en salas de control y comando.<\/p>\n\n\n\n<p><strong>ALTO PARANA S.A. | MISIONES<\/strong><br>Cambio de columnas generales de baja tensi\u00f3n y tareas el\u00e9ctricas complementarias en PARADA,&nbsp;&nbsp;del a\u00f1o 1989.<\/p>\n\n\n\n<p><strong>COMISION NACIONAL DE INGENIERIA ATOMICA | EZEIZA PCIA. DE BUENOS AIRES<\/strong><br>Vestuarios y accesos independientes a fuentes selladas y celdas qu\u00edmicas. Laboratorios, cabinas de mando. Instalaci\u00f3n anti-explosiva, de fuerza motriz, detecci\u00f3n de incendio, sonido, C.C.T.V.  telefon\u00eda.  <br>Instalaci\u00f3n el\u00e9ctrica en edificios de residuos radiactivos s\u00f3lidos.<\/p>\n\n\n\n<p><strong>ESTABLECIMIENTO AGRICOLO GANADERO \u00b4\u00b4TROCIUK Y CIA\u00b4\u00b4 FRAM | DEPTO DE ITAPUA | REPUBLICA DE PARAGUAY<\/strong><br>Montaje electromec\u00e1nico en molino de harina.<br>Interconexionado de motores de fuerza motriz, provisi\u00f3n y colocaci\u00f3n de bandejas, puesta a tierra, subestaci\u00f3n transformadora de 500 KVA y red de media tensi\u00f3n.<\/p>\n\n\n\n<p><strong>FRIGORIFICOS \u00b4 BOGADO\u00b4 ENCARNACION DEL PARAGUAY<\/strong><br>Proyecto para instalaci\u00f3n de un frigor\u00edfico para vacunos con elaboraci\u00f3n de subproductos. Capacidad 100 animales \/ d\u00eda, con c\u00e1maras fr\u00edas y t\u00faneles de congelamiento.<\/p>\n\n\n\n<p><strong>MACONSA PLANTA DISTRIBUIDORA COMBUSTIBLE Y.P.F. | POSADAS PCIA DE MISIONES<\/strong><br>Proyecto y ejecuci\u00f3n sistema anti-explosivo, cabezales electr\u00f3nicos. Tableros de comando, protecci\u00f3n, instalaciones de fuerza motriz e iluminaci\u00f3n.<\/p>\n\n\n\n<p><strong>PLANTA DESLINDADORA DE GASES | ENSENADA | PCIA DE BUENOS AIRES<\/strong><br>Ingenier\u00eda de detalle, montaje electromec\u00e1nico, celdas 13,2 KV, centro de control de motores, comando y protecci\u00f3n compresores de 6,6 KV, instrumentaci\u00f3n interfaces, U.P.S. calibraci\u00f3n y puesta en marcha.<\/p>\n\n\n\n<p><strong>PLANTA CODIFICADORA MOXEI SAVON&nbsp; RUTA 9 km 127<\/strong><br>Instalaci\u00f3n el\u00e9ctrica y electromec\u00e1nica, provisi\u00f3n de tablero gral. de B.T., celdas de M.T., cabinas de medici\u00f3n y tableros seccionales.<br>Provisi\u00f3n y montaje de subestacion transformadora.<br>Iluminaci\u00f3n interior y exterior, sistema de control.<\/p>\n\n\n\n<p><strong>MOLINO ARROCERO TAYI | CLORINDA | FORMOSA<\/strong><br>Montaje electromec\u00e1nico e industrial.<br>Provisi\u00f3n de tableros generales y seccionales, celdas de 13,2 KV, usina generadora de 320 KVA, grupos electr\u00f3genos e iluminaci\u00f3n exterior de playa y accesos.<\/p>\n\n\n\n<p><strong>FRIGORIFICO | MATADERO |<\/strong> <strong>PROVINCIA DE LA RIOJA<\/strong><br>Proyecto para instalaci\u00f3n de un frigor\u00edfico para vacunos con elaboraci\u00f3n de subproductos. Capacidad 500 animales \/ d\u00eda, con c\u00e1maras fr\u00edas y t\u00fanel de congelamiento.<\/p>\n\n\n\n<p><strong>FRIGORIFICO \u00b4\u00b4LA PALOMA\u00b4\u00b4 REP. ORIENTAL DEL URUGUAY<\/strong><br>Proyecto para la instalaci\u00f3n de un frigor\u00edfico para pescado con t\u00faneles de congelamiento y c\u00e1maras de conservaci\u00f3n.<\/p>\n\n\n\n<p><strong>ESTACIONES DE SERVICION \u00b4\u00b4SHELL\u00b4\u00b4 EN: ACASUSSO  CHACABUCO, DOLORES PCIA DE BUENOS AIRES <\/strong><br><strong>Y EN: RIVADAVIA Y MORENO <strong>|<\/strong> MEXICO Y JUJUY CAPITAL FEDERAL<\/strong><br>Instalaciones anti-explosivas, surtidores, lavadero, engrase, fuerza motriz, iluminaci\u00f3n, baja tensi\u00f3n, provisi\u00f3n de tableros, instalaci\u00f3n de WALK IN COOLER.<\/p>\n\n\n\n<figure class=\"wp-block-image alignwide size-large\"><a href=\"https:\/\/edificadorauniversal.com.ar\/\" target=\"_blank\" rel=\"noopener noreferrer\"><img loading=\"lazy\" width=\"712\" height=\"350\" src=\"https:\/\/edificadorauniversal.com.ar\/wp-content\/uploads\/2020\/08\/volver.jpg\" alt=\"\" class=\"wp-image-355\" srcset=\"https:\/\/edificadorauniversal.com.ar\/wp-content\/uploads\/2020\/08\/volver.jpg 712w, https:\/\/edificadorauniversal.com.ar\/wp-content\/uploads\/2020\/08\/volver-300x147.jpg 300w\" sizes=\"(max-width: 712px) 100vw, 712px\" \/><\/a><\/figure>\n","protected":false},"excerpt":{"rendered":"<p>CCI CONSTRUCCIONES SA | OBRA : DEFENSA FRONTAL AMGR | SUPCE BARRANQUERAS CHACOProyecto ejecutivo e Ingenier\u00eda de detalle, Ejecuci\u00f3n de L\u00edneas de 13.2 y 33 kv; Estaciones de bombeo; Subestaci\u00f3n Transformadora; Celdas y Tableros; CCM; Tendido de conductores de MT y BT; Sistema de control, seguridad y se\u00f1alizaci\u00f3n. Alumbrado P\u00fablico. EDECA S.A. &#8211; UTE | [&hellip;]<\/p>\n","protected":false},"author":1,"featured_media":0,"parent":0,"menu_order":0,"comment_status":"closed","ping_status":"closed","template":"","meta":{"site-sidebar-layout":"default","site-content-layout":"default","ast-site-content-layout":"","site-content-style":"default","site-sidebar-style":"default","ast-global-header-display":"","ast-banner-title-visibility":"","ast-main-header-display":"","ast-hfb-above-header-display":"","ast-hfb-below-header-display":"","ast-hfb-mobile-header-display":"","site-post-title":"","ast-breadcrumbs-content":"","ast-featured-img":"","footer-sml-layout":"","theme-transparent-header-meta":"default","adv-header-id-meta":"","stick-header-meta":"","header-above-stick-meta":"","header-main-stick-meta":"","header-below-stick-meta":"","astra-migrate-meta-layouts":"default","ast-page-background-enabled":"default","ast-page-background-meta":{"desktop":{"background-color":"var(--ast-global-color-4)","background-image":"","background-repeat":"repeat","background-position":"center center","background-size":"auto","background-attachment":"scroll","background-type":"","background-media":"","overlay-type":"","overlay-color":"","overlay-opacity":"","overlay-gradient":""},"tablet":{"background-color":"","background-image":"","background-repeat":"repeat","background-position":"center center","background-size":"auto","background-attachment":"scroll","background-type":"","background-media":"","overlay-type":"","overlay-color":"","overlay-opacity":"","overlay-gradient":""},"mobile":{"background-color":"","background-image":"","background-repeat":"repeat","background-position":"center center","background-size":"auto","background-attachment":"scroll","background-type":"","background-media":"","overlay-type":"","overlay-color":"","overlay-opacity":"","overlay-gradient":""}},"ast-content-background-meta":{"desktop":{"background-color":"var(--ast-global-color-5)","background-image":"","background-repeat":"repeat","background-position":"center center","background-size":"auto","background-attachment":"scroll","background-type":"","background-media":"","overlay-type":"","overlay-color":"","overlay-opacity":"","overlay-gradient":""},"tablet":{"background-color":"var(--ast-global-color-5)","background-image":"","background-repeat":"repeat","background-position":"center center","background-size":"auto","background-attachment":"scroll","background-type":"","background-media":"","overlay-type":"","overlay-color":"","overlay-opacity":"","overlay-gradient":""},"mobile":{"background-color":"var(--ast-global-color-5)","background-image":"","background-repeat":"repeat","background-position":"center center","background-size":"auto","background-attachment":"scroll","background-type":"","background-media":"","overlay-type":"","overlay-color":"","overlay-opacity":"","overlay-gradient":""}}},"_links":{"self":[{"href":"https:\/\/edificadorauniversal.com.ar\/index.php\/wp-json\/wp\/v2\/pages\/293"}],"collection":[{"href":"https:\/\/edificadorauniversal.com.ar\/index.php\/wp-json\/wp\/v2\/pages"}],"about":[{"href":"https:\/\/edificadorauniversal.com.ar\/index.php\/wp-json\/wp\/v2\/types\/page"}],"author":[{"embeddable":true,"href":"https:\/\/edificadorauniversal.com.ar\/index.php\/wp-json\/wp\/v2\/users\/1"}],"replies":[{"embeddable":true,"href":"https:\/\/edificadorauniversal.com.ar\/index.php\/wp-json\/wp\/v2\/comments?post=293"}],"version-history":[{"count":6,"href":"https:\/\/edificadorauniversal.com.ar\/index.php\/wp-json\/wp\/v2\/pages\/293\/revisions"}],"predecessor-version":[{"id":421,"href":"https:\/\/edificadorauniversal.com.ar\/index.php\/wp-json\/wp\/v2\/pages\/293\/revisions\/421"}],"wp:attachment":[{"href":"https:\/\/edificadorauniversal.com.ar\/index.php\/wp-json\/wp\/v2\/media?parent=293"}],"curies":[{"name":"wp","href":"https:\/\/api.w.org\/{rel}","templated":true}]}}