{"id":316,"date":"2020-08-02T12:24:31","date_gmt":"2020-08-02T15:24:31","guid":{"rendered":"https:\/\/edificadorauniversal.com.ar\/?page_id=316"},"modified":"2020-08-05T13:30:42","modified_gmt":"2020-08-05T16:30:42","slug":"autopistas-y-obras-viales","status":"publish","type":"page","link":"https:\/\/edificadorauniversal.com.ar\/index.php\/autopistas-y-obras-viales\/","title":{"rendered":"Autopistas y Obras Viales"},"content":{"rendered":"\n<figure class=\"wp-block-gallery alignwide columns-3 is-cropped\"><ul class=\"blocks-gallery-grid\"><li class=\"blocks-gallery-item\"><figure><img loading=\"lazy\" width=\"800\" height=\"531\" src=\"https:\/\/edificadorauniversal.com.ar\/wp-content\/uploads\/2020\/08\/bestday-monumento-bandera-rosario.jpg\" alt=\"\" data-id=\"325\" data-full-url=\"https:\/\/edificadorauniversal.com.ar\/wp-content\/uploads\/2020\/08\/bestday-monumento-bandera-rosario.jpg\" data-link=\"https:\/\/edificadorauniversal.com.ar\/index.php\/autopistas-y-obras-viales\/bestday-monumento-bandera-rosario\/\" class=\"wp-image-325\" srcset=\"https:\/\/edificadorauniversal.com.ar\/wp-content\/uploads\/2020\/08\/bestday-monumento-bandera-rosario.jpg 800w, https:\/\/edificadorauniversal.com.ar\/wp-content\/uploads\/2020\/08\/bestday-monumento-bandera-rosario-300x199.jpg 300w, https:\/\/edificadorauniversal.com.ar\/wp-content\/uploads\/2020\/08\/bestday-monumento-bandera-rosario-768x510.jpg 768w\" sizes=\"(max-width: 800px) 100vw, 800px\" \/><\/figure><\/li><li class=\"blocks-gallery-item\"><figure><img loading=\"lazy\" width=\"829\" height=\"494\" src=\"https:\/\/edificadorauniversal.com.ar\/wp-content\/uploads\/2020\/08\/Filmaron-a-un-nene-con-la-mitad-de-su-torso-fuera-del-auto-en-la-Autopista-Buenos-Aires-La-Plata.jpg\" alt=\"\" data-id=\"323\" data-full-url=\"https:\/\/edificadorauniversal.com.ar\/wp-content\/uploads\/2020\/08\/Filmaron-a-un-nene-con-la-mitad-de-su-torso-fuera-del-auto-en-la-Autopista-Buenos-Aires-La-Plata.jpg\" data-link=\"https:\/\/edificadorauniversal.com.ar\/index.php\/autopistas-y-obras-viales\/filmaron-a-un-nene-con-la-mitad-de-su-torso-fuera-del-auto-en-la-autopista-buenos-aires-la-plata\/\" class=\"wp-image-323\" srcset=\"https:\/\/edificadorauniversal.com.ar\/wp-content\/uploads\/2020\/08\/Filmaron-a-un-nene-con-la-mitad-de-su-torso-fuera-del-auto-en-la-Autopista-Buenos-Aires-La-Plata.jpg 829w, https:\/\/edificadorauniversal.com.ar\/wp-content\/uploads\/2020\/08\/Filmaron-a-un-nene-con-la-mitad-de-su-torso-fuera-del-auto-en-la-Autopista-Buenos-Aires-La-Plata-300x179.jpg 300w, https:\/\/edificadorauniversal.com.ar\/wp-content\/uploads\/2020\/08\/Filmaron-a-un-nene-con-la-mitad-de-su-torso-fuera-del-auto-en-la-Autopista-Buenos-Aires-La-Plata-768x458.jpg 768w\" sizes=\"(max-width: 829px) 100vw, 829px\" \/><\/figure><\/li><li class=\"blocks-gallery-item\"><figure><img loading=\"lazy\" width=\"1024\" height=\"576\" src=\"https:\/\/edificadorauniversal.com.ar\/wp-content\/uploads\/2020\/08\/maxresdefault-1024x576.jpg\" alt=\"\" data-id=\"319\" data-full-url=\"https:\/\/edificadorauniversal.com.ar\/wp-content\/uploads\/2020\/08\/maxresdefault.jpg\" data-link=\"https:\/\/edificadorauniversal.com.ar\/index.php\/autopistas-y-obras-viales\/maxresdefault\/\" class=\"wp-image-319\" srcset=\"https:\/\/edificadorauniversal.com.ar\/wp-content\/uploads\/2020\/08\/maxresdefault-1024x576.jpg 1024w, https:\/\/edificadorauniversal.com.ar\/wp-content\/uploads\/2020\/08\/maxresdefault-300x169.jpg 300w, https:\/\/edificadorauniversal.com.ar\/wp-content\/uploads\/2020\/08\/maxresdefault-768x432.jpg 768w, https:\/\/edificadorauniversal.com.ar\/wp-content\/uploads\/2020\/08\/maxresdefault.jpg 1280w\" sizes=\"(max-width: 1024px) 100vw, 1024px\" \/><\/figure><\/li><li class=\"blocks-gallery-item\"><figure><img loading=\"lazy\" width=\"512\" height=\"384\" src=\"https:\/\/edificadorauniversal.com.ar\/wp-content\/uploads\/2020\/08\/unnamed.jpg\" alt=\"\" data-id=\"399\" data-full-url=\"https:\/\/edificadorauniversal.com.ar\/wp-content\/uploads\/2020\/08\/unnamed.jpg\" data-link=\"https:\/\/edificadorauniversal.com.ar\/index.php\/autopistas-y-obras-viales\/unnamed-4\/\" class=\"wp-image-399\" srcset=\"https:\/\/edificadorauniversal.com.ar\/wp-content\/uploads\/2020\/08\/unnamed.jpg 512w, https:\/\/edificadorauniversal.com.ar\/wp-content\/uploads\/2020\/08\/unnamed-300x225.jpg 300w\" sizes=\"(max-width: 512px) 100vw, 512px\" \/><figcaption class=\"blocks-gallery-item__caption\">Puente Internacional Posadas &#8211; Encarnaci\u00f3n &#8211; Paraguay<\/figcaption><\/figure><\/li><\/ul><\/figure>\n\n\n\n<p><strong>JOSE J. CHEDDIACK S.A. | OBRA: AUTOPISTA DEL OESTE | TRAMO MORENO<\/strong><br>Ejecuci\u00f3n de ca\u00f1eros; Montaje de columnas y luminarias; Puesta a tierra; tendido cable subterr\u00e1neo 1 Kv.<br>Montaje de tableros; Iluminaci\u00f3n bajo Puente y tendido provisorios en cable preensamblado.<br>Ejecuci\u00f3n de proyecto ejecutivo e ingenier\u00eda de detalle.<\/p>\n\n\n\n<p><strong>EDECA S.A. <strong>|<\/strong> REMODELACI\u00d3N AVDA. PELLEGRINI 2DA ETAPA <strong>|<\/strong> ROSARIO<\/strong><br>Alumbrado p\u00fablico, Ejecuci\u00f3n de ca\u00f1eros; Montaje de columnas y luminarias; Puesta a tierra;<br>Montaje de tableros; Tendido de conductores de 1 kv y 13.2 kv, Subestaciones transformadoras; <br>Conexiones y puesta en marcha.<br>Relocalizaci\u00f3n de LAMT de 13,2 y 33 kv y LABT.<\/p>\n\n\n\n<p><strong>CONCRET-NOR S.A. <strong>|<\/strong><\/strong> <strong>ILUMINACION RNN\u00ba 12 Y RPN\u00ba 26 \u2013 NOGOYA-DNV<\/strong><br>Alumbrado p\u00fablico, Ejecuci\u00f3n de ca\u00f1eros; Montaje de columnas y luminarias; Puesta a tierra;<br>Montaje de tableros; Tendido de conductores de 1 kv y; Conexiones y puesta en marcha.<\/p>\n\n\n\n<p><strong>CONCRET-NOR S.A. <strong>|<\/strong> ILUMINACION RNN\u00ba 12 Y RNN\u00ba 131- CRESPO-DNV<\/strong><br>Alumbrado p\u00fablico, Ejecuci\u00f3n de ca\u00f1eros; Montaje de columnas y luminarias; Puesta a tierra;<br>Montaje de tableros; Tendido de conductores de 1 kv y; Conexiones y puesta en marcha.<\/p>\n\n\n\n<p><strong>EDECA S.A. <strong>|<\/strong> REMODELACI\u00d3N AVDA. DE LOS GRANADEROS &#8211; ROSARIO<\/strong><br>Alumbrado p\u00fablico, Ejecuci\u00f3n de ca\u00f1eros; Montaje de columnas y luminarias; Puesta a tierra;<br>Montaje de tableros; Tendido de conductores de 1 kv y 13.2 kv, Subestaciones transformadoras; Conexiones y puesta en marcha.<br>Relocalizaci\u00f3n de LAMT de 13,2 y 33 kv y LABT.<\/p>\n\n\n\n<p><strong>IECSA S.A. <strong>|<\/strong><\/strong> <strong>AUTOPISTA ROSARIO-CORDOBA <strong>|<\/strong> TRAMO BELL VILLE <strong>|<\/strong> MARCO JUAREZ<\/strong><br>Instalaciones completas de iluminaci\u00f3n en 6 distribuidores, Ejecuci\u00f3n de ca\u00f1eros; Montaje de columnas y luminarias; Puestas a tierra; Montaje de tableros; Tendido de conductores Conexiones y puesta en marcha.<\/p>\n\n\n\n<p><strong>CARTELLONE S.A. <strong>|<\/strong> REMODELACI\u00d3N AVDA. PATRICIOS TRAMO II &#8211; CABA<\/strong><br>Alumbrado p\u00fablico, Ejecuci\u00f3n de ca\u00f1eros; Montaje de columnas y luminarias; Puesta a tierra;<br>Montaje de tableros; ca\u00f1eros de datos.<br>Ejecuci\u00f3n de proyecto ejecutivo e ingenier\u00eda de detalle correspondiente a la Iluminaci\u00f3n de la Avenida.<\/p>\n\n\n\n<p><strong>EDECA S.A. <strong>|<\/strong><\/strong> <strong>REMODELACI\u00d3N RUTA NAC. N\u00ba 34 &#8211; ROSARIO<\/strong><br>Alumbrado p\u00fablico, Ejecuci\u00f3n de ca\u00f1eros; Montaje de columnas y luminarias; Puesta a tierra;<br>Montaje de tableros; Tendido de conductores de 1 kv y 13.2 kv, Subestaciones transformadoras; Conexiones y puesta en marcha.<br>Relocalizaci\u00f3n de LAMT de 13,2 y 33 kv y LABT.<\/p>\n\n\n\n<p><strong>CCI CONSTRUCCIONES SA. <strong>|<\/strong><\/strong> <strong>RN N\u00ba 11 Y VTE RN N\u00ba 11 &#8211; VICTORIA \u2013 ENTRE RIOS &#8211; DNV<\/strong><br>Ejecuci\u00f3n de proyecto ejecutivo e ingenier\u00eda de detalle. Alumbrado publico, Ejecuci\u00f3n de ca\u00f1eros; Montaje de columnas y luminarias; Puesta a tierra; Montaje de tableros; Relocalizaci\u00f3n de LAMT de 13.2 y 33 kv, Subestaciones transformadoras; Conexiones y puesta en marcha.<\/p>\n\n\n\n<p><strong>CCI CONSTRUCCIONES SA. <strong>|<\/strong> RN N\u00ba 14 \u2013 CONCEPCION DEL URUGUAY \u2013 ENTRE RIOS &#8211; DNV<\/strong><br>Ejecuci\u00f3n de proyecto ejecutivo e ingenier\u00eda de detalle de Relocalizac\u00edn de Lineas a\u00e9reas de 13,2 y 33 kv y Fibra \u00d3ptica.<br>Ejecuci\u00f3n de proyecto ejecutivo e ingenier\u00eda de detalle correspondiente a la Iluminaci\u00f3n de distribuidores e intercambiadores.<\/p>\n\n\n\n<p><strong>PUENTE INTERNACIONAL POSADAS ENCARNACION PCIA. DE MISIONES<\/strong><br><strong>Consorcio SIDECO-EACA-GIROLA<\/strong><br>Iluminaci\u00f3n, fuerza motriz, tableros generales, subestaciones transformadoras, sistema de auscultacion puente y viaductos, balizamiento fluvial y a\u00e9reo, sistema de telefon\u00eda y audio<\/p>\n\n\n\n<p><strong>TUNEL DE AV. DEL LIBERTADOR \u2013 Cap . Fed.<\/strong><br><strong>GOROSTIAGA Obras y Proyectos S.A.<\/strong><br>Instalaciones El\u00e9ctricas, Electromec\u00e1nicas, Sistemas de Bombeo e Instalaci\u00f3n Contra Incendio<\/p>\n\n\n\n<p><strong>Autopista Buenos Aires \u2013 La Plata<\/strong><br><strong>COVIARES&nbsp; S.A.<\/strong><br>Se ejecutaron las Instalaciones El\u00e9ctricas y de Iluminaci\u00f3n con Suministro de Materiales, Mano de Obra y equipos, incluyendo Trabajos de Mt (13,2 Kv.), de 1 Kv y de B.T.(380 V.), con sus correspondientes Subestaciones Transformadoras.<br>Los trabajos se desarrollaron sobre tronco ppal. de&nbsp; la Autopista sobre los puentes que la cruzan y sobre las \u00c1reas de Peaje, realiz\u00e1ndose en dos Etapas:<br>1\u00aa ETAPA: Tramo BUENOS AIRES \u2013 QUILMES<br>2\u00aa ETAPA: Tramo QUILMES \u2013 ROTONDA DE GUTIERREZ<\/p>\n\n\n\n<p><strong>Autopista Buenos Aires \u2013 La Plata<\/strong><br><strong>COVIARES S.A.<\/strong><br>Instalaciones de P\u00f3rticos y m\u00e9nsulas de Se\u00f1alizaciones, Montajes de Call Box de S.O.S. en Autopistas Bs.As. \u2013 La Plata<\/p>\n\n\n\n<p><strong>AUTOPISTA BS.AS. \u2013 LA PLATA&nbsp; 3era. ETAPA<\/strong><br><strong>SIEMENS S.A.<\/strong><br>Iluminaci\u00f3n&nbsp; (3era. Etapa) de la Autopista \u201cBuenos Aires \u2013 La Plata \u201c, tramos : Acceso Sudeste, Tomas Espora, Quilmes \u2013 Hudson y Hudson Gutierrez, Totalizando el conjunto de los tres tramos 21 Km de Autopista.<\/p>\n\n\n\n<p><strong>AUTOPISTA BUENOS AIRES-LA PLATA<\/strong><br><strong>COVIARES&nbsp; S.A.<\/strong><br>Se ejecuto la re-modelaci\u00f3n del tramo \u201cDock Sud \u2013 Acceso Sudeste \u201c, con provisi\u00f3n de materiales y mano de obra.<br>Iluminaci\u00f3n Troncal de Autopista<br>Iluminaci\u00f3n de Ramales de Ingreso y Egreso<\/p>\n\n\n\n<p><strong>AUTOPISTA DEL OESTE<\/strong><br><strong>BENITO ROGGIO E HIJOS S.A.<\/strong><br>Tramo de la Autopista Comprendido entre la Av. Gral. Paz y la Av. Vergara (Aprox. 10 Km. De la Autopista)<br>Se ejecutaron&nbsp; los trabajos de Iluminaci\u00f3n, con la provisi\u00f3n de materiales y mano de obra<br>Iluminaci\u00f3n Troncal de Autopista<br>Iluminaci\u00f3n de Ramales de Ingreso y Egreso<br>Iluminaci\u00f3n de Colectoras<br>Iluminaci\u00f3n Superior e Inferior de Puentes<br>Iluminaci\u00f3n de las \u00e1reas de Peaje<\/p>\n\n\n\n<p><strong>Tramo de la Av. Gral. Paz, entre Liniers (Autopista AU1) y Puente La Noria<\/strong><br><strong>AUTOPISTAS DEL SOL S.A.<\/strong><br>Se ejecutaron los trabajos de Montaje el\u00e9ctrico y electromec\u00e1nico con la provisi\u00f3n de materiales y mano de obra de los siguientes rubros:<br>Iluminaci\u00f3n Troncal de Autopista<br>Iluminaci\u00f3n de Ramales de Ingreso y Egreso<br>Iluminaci\u00f3n de Colectoras<br>Iluminaci\u00f3n Superior e Inferior de Puentes<br>Iluminaci\u00f3n de las \u00e1reas de Peaje<\/p>\n\n\n\n<p><strong>Autopista&nbsp; 9 de Julio, Viaducto Norte<\/strong><br><strong>COVIMET S.A.<\/strong><br>En conjunto con SIEMENS S.A., se realizaron las instalaciones El\u00e9ctricas y de Iluminaci\u00f3n, con suministros de Materiales, Mano de Obra y equipos para montaje de los mismos, con la inclusi\u00f3n de los trabajos en M.T. (13,2 Kv.), de 1 Kv. Y de B.T. (380 V.), con sus correspondientes Subestaciones Transformadora.<br><em>Los Trabajos se dividieron en 3 Etapas:<br><\/em>1\u00aa ETAPA: Viaducto Norte \u2013 Sur (desde Lugones a 9 de Julio)<br>2\u00aa ETAPA: Distribuidor Scalabrini Ortiz, Sobre las Avdas. Lugones y Cantillo y las v\u00edas del F.C.Belgrano<br>3\u00aa ETAPA: Viaducto Sur\u2013 Norte (Salida de Capital a Provincia)<\/p>\n\n\n\n<p><strong>Autopista Ricchieri |<\/strong> <strong>EZEIZA CA\u00d1UELAS<\/strong><br><strong>HUARTE&nbsp; SA | ARAGON SA &#8211; AEC SA<\/strong><br>Proyecto El\u00e9ctrico Ejecutivo, relevamiento de las instalaciones el\u00e9ctricas existentes de 13,2 Kv y 380 V. Y acondicionamiento de las mismas en Autopista Ricchieri, perteneciente al tramo Autopista&nbsp; Ricchieri de la Autopista Ezeiza \u2013 Ca\u00f1uelas<\/p>\n\n\n\n<p><strong>AUTOPISTAS EZEIZA \u2013 CA\u00d1UELAS S.A. Autopista Ricchieri<\/strong><br><strong>HUARTE&nbsp; S.A. \u2013 ARAGON S.A. &#8211; AECSA<\/strong><br>Conjuntamente con&nbsp; <em>SIEMENS&nbsp; S.A<\/em>., se ejecutaron los siguientes trabajos, con suministros de materiales:<br>Tendido de cables de M.T. (13,2 Kv.)<br>Construcci\u00f3n e instalaci\u00f3n&nbsp; de tres Subestaciones Transformadoras<br>Reacondicionamiento de dos Subestaciones Transformadoras existentes<br>Modificaci\u00f3n y Reacondicionamiento parcial de Sistema de Iluminaci\u00f3n<\/p>\n\n\n\n<p><strong>AUTOPISTA EZEIZA \u2013 CA\u00d1UELAS&nbsp; Autopista Ricchieri y Autopista J.Newbery<\/strong><br><strong>HUARTE&nbsp; S.A. \u2013 ARAGON S.A. &#8211; AECSA<\/strong><br>En conjunto con SIEMENS S.A., se han ejecutado las instalaciones&nbsp; el\u00e9ctricas y el sistema de iluminaci\u00f3n de las Autopistas Ricchieri y Jorge Newbery, correspondiente a la red de Accesos a la Ciudad de Buenos Aires, denominada Autopistas Ricchieri y Ezeiza \u2013 Ca\u00f1uelas, Trabajos que se desarrollaron con provisi\u00f3n de materiales y montaje, incluyendo las tareas de M.t.&nbsp; (13,2 Kv.), Tareas en 1 Kv. Y tareas en B.t.(380V\/220V), <br><em>con sus correspondientes Subestaciones Transformadoras:<br><strong>Tronco Ppal. De Autopistas<br>Colectoras<br>Puentes<br>Area principal de Peaje<br>Areas secundarias de Peaje<br>Ramales de Ingreso y Egreso a Autopista y Colectoras<\/strong><\/em><\/p>\n\n\n\n<p><strong>AUTOPISTAS AL SUR \u2013 Tramo Ezeiza Ca\u00f1uelas<\/strong><br><strong>AEC S.A.<\/strong><br>Se ejecutaron&nbsp; las Instalaciones El\u00e9ctricas y de Iluminaci\u00f3n con suministro de materiales, mano de obra y equipos, incluyendo trabajos de Mt. (13,2 Kv. ) de 1 Kv. y de Bt. ( 380 V), con sus correspondientes Subestaciones Transformadoras.<br>Los trabajos se desarrollaron sobre el tronco Ppal. De la Autopista, sobre puentes y Areas de Peajes.<\/p>\n\n\n\n<p><strong>Distribuidor Av. Gral. Paz y Autopista Ricchieri<\/strong><br><strong>AUTOPISTAS DEL SOL S.A.<\/strong><br>Provisi\u00f3n y Montaje de centro de Transformaci\u00f3n Compacto y Tendido de l\u00ednea Subterr\u00e1nea de 13,2 Kv., desde&nbsp; la Estaci\u00f3n Transformadora RIVIERA hasta el Distribuidor de la Av. De la Gral. Paz y la Autopista Ricchieri.<\/p>\n\n\n\n<p><strong>DISTRIBUIDOR DE TRAFICO DOLORES RUTA NACIONAL 2 PCIA DE BUENOS AIRES<\/strong><br><strong>COVISUR S.A.<\/strong><br>Proyecto y ejecuci\u00f3n de iluminaci\u00f3n, subestaciones transformadoras, infraestructura el\u00e9ctrica, montaje torres y columnas<br>Mantenimiento y semaforizaci\u00f3n.<\/p>\n\n\n\n<p><strong>Obrador Villa Martelli ( Au. Gral. Paz )<\/strong><br><strong>AUTOPISTAS DEL SOL S.A.<\/strong><br>Provisi\u00f3n y Montaje L\u00ednea 13,2 Kv., centro de Transformaci\u00f3n Compacta, L\u00ednea de Baja Tensi\u00f3n, Montaje electromec\u00e1nico y provisi\u00f3n de tableros para Planta de elaboraci\u00f3n de Hormig\u00f3n elaborado y Plantas de Asfalto.<\/p>\n\n\n\n<p><strong>ILUMINACION PARQUE INDEPENDENCIA Y SECTOR DEL LAGO \u2013 ROSARIO<\/strong><br>Instalaci\u00f3n El\u00e9ctrica e Iluminaci\u00f3n<br>Fuente danzante<br>Subestaci\u00f3n transformadora<\/p>\n\n\n\n<p><strong>ILUMINACION PARQUE SUNCHALES&nbsp; \u2013 ROSARIO <\/strong><br>Instalaci\u00f3n El\u00e9ctrica<br>Iluminaci\u00f3n Peatonal<br>Subestaci\u00f3n transformadora<\/p>\n\n\n\n<p><strong>MONUMENTO A LA BANDERA \u2013 ROSARIO <\/strong><br>Instalaci\u00f3n El\u00e9ctrica e Iluminaci\u00f3n<br>Instalaci\u00f3n El\u00e9ctrica<br>Iluminaci\u00f3n Peatonal<br>Subestaci\u00f3n transformadora<\/p>\n\n\n\n<p><strong>RUTAS NACIONALES 9, 11 Y 33<\/strong><br><strong>SERVICIOS VIALES S.A.<\/strong><br>12 playas de peaje y pesaje: proyecto y ejecuci\u00f3n de iluminaci\u00f3n, subestaciones transformadoras, sistemas de control y baja tensi\u00f3n, puesta a tierra, pararrayos.<\/p>\n\n\n\n<p><strong>RIO TALA PCIA DE BUENOS AIRES<\/strong><br><strong>SERVICIOS VIALES S.A.<\/strong><br>Iluminaci\u00f3n playa de pesaje para camiones<\/p>\n\n\n\n<p><strong>RUTAS NACIONALES 12 Y 16<\/strong><br><strong>VICOV S.A.<\/strong><br>Playas de peaje y pesaje: proyecto y ejecuci\u00f3n de iluminaci\u00f3n, subestaciones transformadoras, sistemas de control y baja tensi\u00f3n, puesta a tierra, pararrayos.<br>Iluminaci\u00f3n del puente General Belgrano: ejecuci\u00f3n subestaciones transformadoras reacondicionamiento, sistema de iluminaci\u00f3n, recambio tableros de protecci\u00f3n y comando.<\/p>\n\n\n\n<p><strong>ILUMINACION DISTRIBUIDOR CIRCUNVALACION Y J.J. PASO &#8211; ROSARIO<\/strong><br><strong>CCI- DIRECCION DE VIALIDAD PROVINCIAL DE SANTA FE<\/strong><br>Se ejecutaron&nbsp; las Instalaciones El\u00e9ctricas y de Iluminaci\u00f3n con suministro de materiales, mano de obra y equipos<\/p>\n\n\n\n<p><strong>ILUMINACION DISTRIBUIDOR Y PUENTE \u2013 CARLOS PELLEGRINI &#8211; ROSARIO<\/strong><br><strong>CCI -DIRECCION DE VIALIDAD PROVINCIAL DE SANTA FE<\/strong><br>Se ejecutaron&nbsp; las Instalaciones El\u00e9ctricas y de Iluminaci\u00f3n con suministro de materiales, mano de obra y equipos<\/p>\n\n\n\n<p><strong>SEMAFORIZACION E ILUMINACION EN MICROCENTRO <\/strong><br><strong>( INDEPENDENCIA ESQ. JUAN GORRITI Y DISTRIBUIDOR FASCIO \/ PTE. GSAM \/ OTERO \/ SALTA \/ G\u00dcEMES)<\/strong><br><strong>SAN SALVADOR DE JUJUY<\/strong><br><strong>EMPRESA JUJE\u00d1A DE ENERGIA S.A.<\/strong><br>Instalaci\u00f3n completa con provisi\u00f3n de materiales y mano de obra de los siguientes servicios:<br>Instalaci\u00f3n&nbsp; de sem\u00e1foros<br>Iluminaci\u00f3n de calzada y Plazoleta Integraci\u00f3n<\/p>\n\n\n\n<p><\/p>\n\n\n\n<figure class=\"wp-block-image alignwide size-large\"><a href=\"https:\/\/edificadorauniversal.com.ar\/\" target=\"_blank\" rel=\"noopener noreferrer\"><img loading=\"lazy\" width=\"712\" height=\"350\" src=\"https:\/\/edificadorauniversal.com.ar\/wp-content\/uploads\/2020\/08\/volver.jpg\" alt=\"\" class=\"wp-image-355\" srcset=\"https:\/\/edificadorauniversal.com.ar\/wp-content\/uploads\/2020\/08\/volver.jpg 712w, https:\/\/edificadorauniversal.com.ar\/wp-content\/uploads\/2020\/08\/volver-300x147.jpg 300w\" sizes=\"(max-width: 712px) 100vw, 712px\" \/><\/a><\/figure>\n","protected":false},"excerpt":{"rendered":"<p>JOSE J. CHEDDIACK S.A. | OBRA: AUTOPISTA DEL OESTE | TRAMO MORENOEjecuci\u00f3n de ca\u00f1eros; Montaje de columnas y luminarias; Puesta a tierra; tendido cable subterr\u00e1neo 1 Kv.Montaje de tableros; Iluminaci\u00f3n bajo Puente y tendido provisorios en cable preensamblado.Ejecuci\u00f3n de proyecto ejecutivo e ingenier\u00eda de detalle. EDECA S.A. | REMODELACI\u00d3N AVDA. PELLEGRINI 2DA ETAPA | ROSARIOAlumbrado [&hellip;]<\/p>\n","protected":false},"author":1,"featured_media":0,"parent":0,"menu_order":0,"comment_status":"closed","ping_status":"closed","template":"","meta":{"site-sidebar-layout":"default","site-content-layout":"default","ast-site-content-layout":"","site-content-style":"default","site-sidebar-style":"default","ast-global-header-display":"","ast-banner-title-visibility":"","ast-main-header-display":"","ast-hfb-above-header-display":"","ast-hfb-below-header-display":"","ast-hfb-mobile-header-display":"","site-post-title":"","ast-breadcrumbs-content":"","ast-featured-img":"","footer-sml-layout":"","theme-transparent-header-meta":"default","adv-header-id-meta":"","stick-header-meta":"","header-above-stick-meta":"","header-main-stick-meta":"","header-below-stick-meta":"","astra-migrate-meta-layouts":"default","ast-page-background-enabled":"default","ast-page-background-meta":{"desktop":{"background-color":"var(--ast-global-color-4)","background-image":"","background-repeat":"repeat","background-position":"center center","background-size":"auto","background-attachment":"scroll","background-type":"","background-media":"","overlay-type":"","overlay-color":"","overlay-opacity":"","overlay-gradient":""},"tablet":{"background-color":"","background-image":"","background-repeat":"repeat","background-position":"center center","background-size":"auto","background-attachment":"scroll","background-type":"","background-media":"","overlay-type":"","overlay-color":"","overlay-opacity":"","overlay-gradient":""},"mobile":{"background-color":"","background-image":"","background-repeat":"repeat","background-position":"center center","background-size":"auto","background-attachment":"scroll","background-type":"","background-media":"","overlay-type":"","overlay-color":"","overlay-opacity":"","overlay-gradient":""}},"ast-content-background-meta":{"desktop":{"background-color":"var(--ast-global-color-5)","background-image":"","background-repeat":"repeat","background-position":"center center","background-size":"auto","background-attachment":"scroll","background-type":"","background-media":"","overlay-type":"","overlay-color":"","overlay-opacity":"","overlay-gradient":""},"tablet":{"background-color":"var(--ast-global-color-5)","background-image":"","background-repeat":"repeat","background-position":"center center","background-size":"auto","background-attachment":"scroll","background-type":"","background-media":"","overlay-type":"","overlay-color":"","overlay-opacity":"","overlay-gradient":""},"mobile":{"background-color":"var(--ast-global-color-5)","background-image":"","background-repeat":"repeat","background-position":"center center","background-size":"auto","background-attachment":"scroll","background-type":"","background-media":"","overlay-type":"","overlay-color":"","overlay-opacity":"","overlay-gradient":""}}},"_links":{"self":[{"href":"https:\/\/edificadorauniversal.com.ar\/index.php\/wp-json\/wp\/v2\/pages\/316"}],"collection":[{"href":"https:\/\/edificadorauniversal.com.ar\/index.php\/wp-json\/wp\/v2\/pages"}],"about":[{"href":"https:\/\/edificadorauniversal.com.ar\/index.php\/wp-json\/wp\/v2\/types\/page"}],"author":[{"embeddable":true,"href":"https:\/\/edificadorauniversal.com.ar\/index.php\/wp-json\/wp\/v2\/users\/1"}],"replies":[{"embeddable":true,"href":"https:\/\/edificadorauniversal.com.ar\/index.php\/wp-json\/wp\/v2\/comments?post=316"}],"version-history":[{"count":18,"href":"https:\/\/edificadorauniversal.com.ar\/index.php\/wp-json\/wp\/v2\/pages\/316\/revisions"}],"predecessor-version":[{"id":401,"href":"https:\/\/edificadorauniversal.com.ar\/index.php\/wp-json\/wp\/v2\/pages\/316\/revisions\/401"}],"wp:attachment":[{"href":"https:\/\/edificadorauniversal.com.ar\/index.php\/wp-json\/wp\/v2\/media?parent=316"}],"curies":[{"name":"wp","href":"https:\/\/api.w.org\/{rel}","templated":true}]}}