{"id":337,"date":"2020-08-02T13:23:48","date_gmt":"2020-08-02T16:23:48","guid":{"rendered":"https:\/\/edificadorauniversal.com.ar\/?page_id=337"},"modified":"2020-08-02T14:03:24","modified_gmt":"2020-08-02T17:03:24","slug":"obras-civiles","status":"publish","type":"page","link":"https:\/\/edificadorauniversal.com.ar\/index.php\/obras-civiles\/","title":{"rendered":"Obras Civiles"},"content":{"rendered":"\n<figure class=\"wp-block-gallery alignwide columns-3 is-cropped\"><ul class=\"blocks-gallery-grid\"><li class=\"blocks-gallery-item\"><figure><img loading=\"lazy\" width=\"683\" height=\"1024\" src=\"https:\/\/edificadorauniversal.com.ar\/wp-content\/uploads\/2020\/08\/javier-agustin-rojas_abramzon-ceretti_IMG_0910_low_1000-683x1024.jpg\" alt=\"\" data-id=\"341\" data-full-url=\"https:\/\/edificadorauniversal.com.ar\/wp-content\/uploads\/2020\/08\/javier-agustin-rojas_abramzon-ceretti_IMG_0910_low_1000.jpg\" data-link=\"https:\/\/edificadorauniversal.com.ar\/index.php\/obras-civiles\/javier-agustin-rojas_abramzon-ceretti_img_0910_low_1000\/\" class=\"wp-image-341\" srcset=\"https:\/\/edificadorauniversal.com.ar\/wp-content\/uploads\/2020\/08\/javier-agustin-rojas_abramzon-ceretti_IMG_0910_low_1000-683x1024.jpg 683w, https:\/\/edificadorauniversal.com.ar\/wp-content\/uploads\/2020\/08\/javier-agustin-rojas_abramzon-ceretti_IMG_0910_low_1000-200x300.jpg 200w, https:\/\/edificadorauniversal.com.ar\/wp-content\/uploads\/2020\/08\/javier-agustin-rojas_abramzon-ceretti_IMG_0910_low_1000-768x1152.jpg 768w, https:\/\/edificadorauniversal.com.ar\/wp-content\/uploads\/2020\/08\/javier-agustin-rojas_abramzon-ceretti_IMG_0910_low_1000.jpg 1000w\" sizes=\"(max-width: 683px) 100vw, 683px\" \/><\/figure><\/li><li class=\"blocks-gallery-item\"><figure><img loading=\"lazy\" width=\"375\" height=\"500\" src=\"https:\/\/edificadorauniversal.com.ar\/wp-content\/uploads\/2020\/08\/torre-villa-urquiza-departamento-3-ambientes-ceretti-2161-D_NQ_NP_845058-MLA32687385181_102019-O.jpg\" alt=\"\" data-id=\"342\" data-full-url=\"https:\/\/edificadorauniversal.com.ar\/wp-content\/uploads\/2020\/08\/torre-villa-urquiza-departamento-3-ambientes-ceretti-2161-D_NQ_NP_845058-MLA32687385181_102019-O.jpg\" data-link=\"https:\/\/edificadorauniversal.com.ar\/index.php\/obras-civiles\/torre-villa-urquiza-departamento-3-ambientes-ceretti-2161-d_nq_np_845058-mla32687385181_102019-o\/\" class=\"wp-image-342\" srcset=\"https:\/\/edificadorauniversal.com.ar\/wp-content\/uploads\/2020\/08\/torre-villa-urquiza-departamento-3-ambientes-ceretti-2161-D_NQ_NP_845058-MLA32687385181_102019-O.jpg 375w, https:\/\/edificadorauniversal.com.ar\/wp-content\/uploads\/2020\/08\/torre-villa-urquiza-departamento-3-ambientes-ceretti-2161-D_NQ_NP_845058-MLA32687385181_102019-O-225x300.jpg 225w\" sizes=\"(max-width: 375px) 100vw, 375px\" \/><\/figure><\/li><li class=\"blocks-gallery-item\"><figure><img loading=\"lazy\" width=\"574\" height=\"580\" src=\"https:\/\/edificadorauniversal.com.ar\/wp-content\/uploads\/2020\/08\/1573033362-1.jpg\" alt=\"\" data-id=\"344\" data-full-url=\"https:\/\/edificadorauniversal.com.ar\/wp-content\/uploads\/2020\/08\/1573033362-1.jpg\" data-link=\"https:\/\/edificadorauniversal.com.ar\/index.php\/obras-civiles\/1573033362-2\/\" class=\"wp-image-344\" srcset=\"https:\/\/edificadorauniversal.com.ar\/wp-content\/uploads\/2020\/08\/1573033362-1.jpg 574w, https:\/\/edificadorauniversal.com.ar\/wp-content\/uploads\/2020\/08\/1573033362-1-297x300.jpg 297w\" sizes=\"(max-width: 574px) 100vw, 574px\" \/><\/figure><\/li><li class=\"blocks-gallery-item\"><figure><img loading=\"lazy\" width=\"1024\" height=\"674\" src=\"https:\/\/edificadorauniversal.com.ar\/wp-content\/uploads\/2020\/08\/aerea2-1024x674.jpg\" alt=\"\" data-id=\"338\" data-full-url=\"https:\/\/edificadorauniversal.com.ar\/wp-content\/uploads\/2020\/08\/aerea2.jpg\" data-link=\"https:\/\/edificadorauniversal.com.ar\/index.php\/obras-civiles\/aerea2\/\" class=\"wp-image-338\" srcset=\"https:\/\/edificadorauniversal.com.ar\/wp-content\/uploads\/2020\/08\/aerea2-1024x674.jpg 1024w, https:\/\/edificadorauniversal.com.ar\/wp-content\/uploads\/2020\/08\/aerea2-300x198.jpg 300w, https:\/\/edificadorauniversal.com.ar\/wp-content\/uploads\/2020\/08\/aerea2-768x506.jpg 768w, https:\/\/edificadorauniversal.com.ar\/wp-content\/uploads\/2020\/08\/aerea2.jpg 1280w\" sizes=\"(max-width: 1024px) 100vw, 1024px\" \/><\/figure><\/li><\/ul><\/figure>\n\n\n\n<p><strong>CLUB SANTA BARBARA S.A. \u2013 OBRA: CLUB SANTA BARBARA \u2013 TIGRE<\/strong><br>Ejecuci\u00f3n del proyecto ejecutivo; Instalaciones de Iluminaci\u00f3n de Canchas de Tenis, Futbol y Jockey. Iluminaci\u00f3n de senderos y estacionamiento. Ramales alimentadores, tableros de protecci\u00f3n y comando, pilar de entrada.<\/p>\n\n\n\n<p><strong>BINGO ORO S.A. \u2013 OBRA: REMODELACI\u00d3N Y AMPLIACION BINGO MERLO<\/strong><br>Ejecuci\u00f3n del proyecto ejecutivo; Instalaciones de Iluminaci\u00f3n y Fuerza Motriz; Provisi\u00f3n y Montaje de Tableros; Conexi\u00f3n y montaje de equipos y puesta en marcha l; Canalizaciones para Telefon\u00eda y Datos; Correcci\u00f3n del Factor de Potencia.<br>Montaje e instalaci\u00f3n completa de c\u00e1mara transformadora 800 kva \u2013 13.2\/0.400-0232 kv<\/p>\n\n\n\n<p><strong>FIDEICOMISO JEAN JAURES 1165 \u2013 ESTUDIO AISENSON. \u2013 OBRA: EDIFICIO JEAN JAURES 1165\/79 &#8211; CABA<\/strong><br>Ejecuci\u00f3n del proyecto ejecutivo; Instalaciones de Iluminaci\u00f3n y Fuerza Motriz; Provisi\u00f3n y Montaje de Tableros; Conexi\u00f3n y montaje de equipos y puesta en marcha; Canalizaciones&nbsp; y cableados para Detecci\u00f3n de Incendio, Telefon\u00eda, Datos, CCTV y TV; Correcci\u00f3n del Factor de Potencia.<br>Montaje completo de sala de Medidores y tableros. Sistema de PAT y Pararrayos.<\/p>\n\n\n\n<p><strong>CP DESAROLLOS INMOBILIARIOS&nbsp; S.A. -ESTUDIO SAMBRESKI \u2013 OBRA: EDIFICIO CERERETTI 2.161 &#8211; CABA<\/strong><br>Ejecuci\u00f3n del proyecto ejecutivo; Instalaciones de Iluminaci\u00f3n, tomacorrientes y Fuerza Motriz; Provisi\u00f3n y Montaje de Tableros; Conexi\u00f3n y montaje de equipos y puesta en marcha; Canalizaciones&nbsp; y cableados para Telefon\u00eda, Datos, CCTV y TV; Correcci\u00f3n del Factor de Potencia. Sistema de PAT y Pararrayos.<br>Montaje completo de sala de Medidores y tableros<\/p>\n\n\n\n<figure class=\"wp-block-image alignwide size-large\"><a href=\"https:\/\/edificadorauniversal.com.ar\/\" target=\"_blank\" rel=\"noopener noreferrer\"><img loading=\"lazy\" width=\"712\" height=\"350\" src=\"https:\/\/edificadorauniversal.com.ar\/wp-content\/uploads\/2020\/08\/volver.jpg\" alt=\"\" class=\"wp-image-355\" srcset=\"https:\/\/edificadorauniversal.com.ar\/wp-content\/uploads\/2020\/08\/volver.jpg 712w, https:\/\/edificadorauniversal.com.ar\/wp-content\/uploads\/2020\/08\/volver-300x147.jpg 300w\" sizes=\"(max-width: 712px) 100vw, 712px\" \/><\/a><\/figure>\n","protected":false},"excerpt":{"rendered":"<p>CLUB SANTA BARBARA S.A. \u2013 OBRA: CLUB SANTA BARBARA \u2013 TIGREEjecuci\u00f3n del proyecto ejecutivo; Instalaciones de Iluminaci\u00f3n de Canchas de Tenis, Futbol y Jockey. Iluminaci\u00f3n de senderos y estacionamiento. Ramales alimentadores, tableros de protecci\u00f3n y comando, pilar de entrada. BINGO ORO S.A. \u2013 OBRA: REMODELACI\u00d3N Y AMPLIACION BINGO MERLOEjecuci\u00f3n del proyecto ejecutivo; Instalaciones de Iluminaci\u00f3n [&hellip;]<\/p>\n","protected":false},"author":1,"featured_media":0,"parent":0,"menu_order":0,"comment_status":"closed","ping_status":"closed","template":"","meta":{"site-sidebar-layout":"default","site-content-layout":"default","ast-site-content-layout":"","site-content-style":"default","site-sidebar-style":"default","ast-global-header-display":"","ast-banner-title-visibility":"","ast-main-header-display":"","ast-hfb-above-header-display":"","ast-hfb-below-header-display":"","ast-hfb-mobile-header-display":"","site-post-title":"","ast-breadcrumbs-content":"","ast-featured-img":"","footer-sml-layout":"","theme-transparent-header-meta":"default","adv-header-id-meta":"","stick-header-meta":"","header-above-stick-meta":"","header-main-stick-meta":"","header-below-stick-meta":"","astra-migrate-meta-layouts":"default","ast-page-background-enabled":"default","ast-page-background-meta":{"desktop":{"background-color":"var(--ast-global-color-4)","background-image":"","background-repeat":"repeat","background-position":"center center","background-size":"auto","background-attachment":"scroll","background-type":"","background-media":"","overlay-type":"","overlay-color":"","overlay-opacity":"","overlay-gradient":""},"tablet":{"background-color":"","background-image":"","background-repeat":"repeat","background-position":"center center","background-size":"auto","background-attachment":"scroll","background-type":"","background-media":"","overlay-type":"","overlay-color":"","overlay-opacity":"","overlay-gradient":""},"mobile":{"background-color":"","background-image":"","background-repeat":"repeat","background-position":"center center","background-size":"auto","background-attachment":"scroll","background-type":"","background-media":"","overlay-type":"","overlay-color":"","overlay-opacity":"","overlay-gradient":""}},"ast-content-background-meta":{"desktop":{"background-color":"var(--ast-global-color-5)","background-image":"","background-repeat":"repeat","background-position":"center center","background-size":"auto","background-attachment":"scroll","background-type":"","background-media":"","overlay-type":"","overlay-color":"","overlay-opacity":"","overlay-gradient":""},"tablet":{"background-color":"var(--ast-global-color-5)","background-image":"","background-repeat":"repeat","background-position":"center center","background-size":"auto","background-attachment":"scroll","background-type":"","background-media":"","overlay-type":"","overlay-color":"","overlay-opacity":"","overlay-gradient":""},"mobile":{"background-color":"var(--ast-global-color-5)","background-image":"","background-repeat":"repeat","background-position":"center center","background-size":"auto","background-attachment":"scroll","background-type":"","background-media":"","overlay-type":"","overlay-color":"","overlay-opacity":"","overlay-gradient":""}}},"_links":{"self":[{"href":"https:\/\/edificadorauniversal.com.ar\/index.php\/wp-json\/wp\/v2\/pages\/337"}],"collection":[{"href":"https:\/\/edificadorauniversal.com.ar\/index.php\/wp-json\/wp\/v2\/pages"}],"about":[{"href":"https:\/\/edificadorauniversal.com.ar\/index.php\/wp-json\/wp\/v2\/types\/page"}],"author":[{"embeddable":true,"href":"https:\/\/edificadorauniversal.com.ar\/index.php\/wp-json\/wp\/v2\/users\/1"}],"replies":[{"embeddable":true,"href":"https:\/\/edificadorauniversal.com.ar\/index.php\/wp-json\/wp\/v2\/comments?post=337"}],"version-history":[{"count":3,"href":"https:\/\/edificadorauniversal.com.ar\/index.php\/wp-json\/wp\/v2\/pages\/337\/revisions"}],"predecessor-version":[{"id":360,"href":"https:\/\/edificadorauniversal.com.ar\/index.php\/wp-json\/wp\/v2\/pages\/337\/revisions\/360"}],"wp:attachment":[{"href":"https:\/\/edificadorauniversal.com.ar\/index.php\/wp-json\/wp\/v2\/media?parent=337"}],"curies":[{"name":"wp","href":"https:\/\/api.w.org\/{rel}","templated":true}]}}